{"id":2185,"date":"2026-02-04T15:12:42","date_gmt":"2026-02-04T18:12:42","guid":{"rendered":"https:\/\/iwabara.com\/tainacanteste\/?page_id=2185"},"modified":"2026-02-07T00:07:45","modified_gmt":"2026-02-07T03:07:45","slug":"repositorio-bsj","status":"publish","type":"page","link":"https:\/\/iwabara.com\/tainacanteste\/","title":{"rendered":"Reposit\u00f3rio Digital BSJ"},"content":{"rendered":"\n<div class=\"wp-block-cover alignfull wp-duotone-unset-1\" style=\"padding-top:0;padding-bottom:0;min-height:528px;aspect-ratio:unset;\"><img fetchpriority=\"high\" decoding=\"async\" width=\"1600\" height=\"1067\" class=\"wp-block-cover__image-background wp-image-2223 size-full\" alt=\"\" src=\"https:\/\/iwabara.com\/tainacanteste\/wp-content\/uploads\/2026\/02\/4_lado.jpeg\" style=\"object-position:0% 21%\" data-object-fit=\"cover\" data-object-position=\"0% 21%\" srcset=\"https:\/\/iwabara.com\/tainacanteste\/wp-content\/uploads\/2026\/02\/4_lado.jpeg 1600w, https:\/\/iwabara.com\/tainacanteste\/wp-content\/uploads\/2026\/02\/4_lado-300x200.jpeg 300w, https:\/\/iwabara.com\/tainacanteste\/wp-content\/uploads\/2026\/02\/4_lado-1024x683.jpeg 1024w, https:\/\/iwabara.com\/tainacanteste\/wp-content\/uploads\/2026\/02\/4_lado-768x512.jpeg 768w, https:\/\/iwabara.com\/tainacanteste\/wp-content\/uploads\/2026\/02\/4_lado-1536x1024.jpeg 1536w, https:\/\/iwabara.com\/tainacanteste\/wp-content\/uploads\/2026\/02\/4_lado-205x137.jpeg 205w, https:\/\/iwabara.com\/tainacanteste\/wp-content\/uploads\/2026\/02\/4_lado-480x320.jpeg 480w\" sizes=\"(max-width: 1600px) 100vw, 1600px\" \/><span aria-hidden=\"true\" class=\"wp-block-cover__background has-black-background-color has-background-dim\"><\/span><div class=\"wp-block-cover__inner-container is-layout-constrained wp-block-cover-is-layout-constrained\">\n<p class=\"has-white-color has-text-color has-link-color has-x-large-font-size wp-elements-211e9459d47315d6ed7b35cd1e9e3661\">SEJA BEM-VINDO \u00c0<strong><br>BSJ &#8211; FUNDA\u00c7\u00c3O EDUCAND\u00c1RIO<\/strong><\/p>\n<\/div><\/div>\n\n\n\n<p class=\"has-white-color has-black-background-color has-text-color has-background has-link-color has-medium-font-size wp-elements-ba20f0cb0bc970ced141e9cb4c012ab1\"><strong>CONHE\u00c7A NOSSO REPOSIT\u00d3RIO DIGITAL<\/strong><\/p>\n\n\n\n<div class=\"wp-block-tainacan-collections-list has-black-color has-text-color has-link-color has-large-font-size wp-elements-4260c09d72b9c91ce267fa7b01012d01\" data-module=\"collections-list\"><ul style=\"grid-template-columns:repeat(auto-fill, 220px)\" class=\"collections-list  collections-layout-grid\"><li class=\"collection-list-item\" style=\"margin-bottom:12px\"><button type=\"button\" class=\"components-button has-icon\" aria-label=\"Remover\"><span class=\"dashicon dashicons dashicons-no-alt\"><\/span><\/button><a id=\"collection-id-244\" href=\"https:\/\/iwabara.com\/tainacanteste\/casarao\/\" class=\" \"><img decoding=\"async\" src=\"https:\/\/iwabara.com\/tainacanteste\/wp-content\/uploads\/2026\/02\/cropped-bsj-fachada-275x275.jpg\" alt=\"Casar\u00e3o\"\/><span>Casar\u00e3o<\/span><\/a><\/li><\/ul><\/div>\n\n\n\n<p><\/p>\n","protected":false},"excerpt":{"rendered":"<p>CONHE\u00c7A NOSSO REPOSIT\u00d3RIO DIGITAL<\/p>\n","protected":false},"author":1,"featured_media":0,"parent":0,"menu_order":0,"comment_status":"closed","ping_status":"closed","template":"","meta":{"footnotes":""},"class_list":["post-2185","page","type-page","status-publish","hentry"],"blocksy_meta":[],"_hostinger_reach_plugin_has_subscription_block":false,"_hostinger_reach_plugin_is_elementor":false,"_links":{"self":[{"href":"https:\/\/iwabara.com\/tainacanteste\/wp-json\/wp\/v2\/pages\/2185","targetHints":{"allow":["GET"]}}],"collection":[{"href":"https:\/\/iwabara.com\/tainacanteste\/wp-json\/wp\/v2\/pages"}],"about":[{"href":"https:\/\/iwabara.com\/tainacanteste\/wp-json\/wp\/v2\/types\/page"}],"author":[{"embeddable":true,"href":"https:\/\/iwabara.com\/tainacanteste\/wp-json\/wp\/v2\/users\/1"}],"replies":[{"embeddable":true,"href":"https:\/\/iwabara.com\/tainacanteste\/wp-json\/wp\/v2\/comments?post=2185"}],"version-history":[{"count":6,"href":"https:\/\/iwabara.com\/tainacanteste\/wp-json\/wp\/v2\/pages\/2185\/revisions"}],"predecessor-version":[{"id":2287,"href":"https:\/\/iwabara.com\/tainacanteste\/wp-json\/wp\/v2\/pages\/2185\/revisions\/2287"}],"wp:attachment":[{"href":"https:\/\/iwabara.com\/tainacanteste\/wp-json\/wp\/v2\/media?parent=2185"}],"curies":[{"name":"wp","href":"https:\/\/api.w.org\/{rel}","templated":true}]}}